{"id":2335,"date":"2020-04-22T03:24:57","date_gmt":"2020-04-22T01:24:57","guid":{"rendered":"https:\/\/www.historiayarqueologia.net\/?page_id=2335"},"modified":"2020-04-22T03:25:30","modified_gmt":"2020-04-22T01:25:30","slug":"noticias","status":"publish","type":"page","link":"https:\/\/www.historiayarqueologia.net\/?page_id=2335","title":{"rendered":"Noticias"},"content":{"rendered":"\t\t<div data-elementor-type=\"wp-page\" data-elementor-id=\"2335\" class=\"elementor elementor-2335\" data-elementor-post-type=\"page\">\n\t\t\t\t\t\t<section class=\"elementor-section elementor-top-section elementor-element elementor-element-0aedc57 elementor-section-boxed elementor-section-height-default elementor-section-height-default\" data-id=\"0aedc57\" data-element_type=\"section\" data-e-type=\"section\">\n\t\t\t\t\t\t<div class=\"elementor-container elementor-column-gap-default\">\n\t\t\t\t\t<div class=\"elementor-column elementor-col-100 elementor-top-column elementor-element elementor-element-43a7f99\" data-id=\"43a7f99\" data-element_type=\"column\" data-e-type=\"column\">\n\t\t\t<div class=\"elementor-widget-wrap elementor-element-populated\">\n\t\t\t\t\t\t<div class=\"elementor-element elementor-element-cfdbfe1 elementor-grid-3 elementor-grid-tablet-2 elementor-grid-mobile-1 elementor-posts--thumbnail-top elementor-widget elementor-widget-posts\" data-id=\"cfdbfe1\" data-element_type=\"widget\" data-e-type=\"widget\" data-settings=\"{&quot;pagination_type&quot;:&quot;prev_next&quot;,&quot;classic_columns&quot;:&quot;3&quot;,&quot;classic_columns_tablet&quot;:&quot;2&quot;,&quot;classic_columns_mobile&quot;:&quot;1&quot;,&quot;classic_row_gap&quot;:{&quot;unit&quot;:&quot;px&quot;,&quot;size&quot;:35,&quot;sizes&quot;:[]},&quot;classic_row_gap_widescreen&quot;:{&quot;unit&quot;:&quot;px&quot;,&quot;size&quot;:&quot;&quot;,&quot;sizes&quot;:[]},&quot;classic_row_gap_laptop&quot;:{&quot;unit&quot;:&quot;px&quot;,&quot;size&quot;:&quot;&quot;,&quot;sizes&quot;:[]},&quot;classic_row_gap_tablet_extra&quot;:{&quot;unit&quot;:&quot;px&quot;,&quot;size&quot;:&quot;&quot;,&quot;sizes&quot;:[]},&quot;classic_row_gap_tablet&quot;:{&quot;unit&quot;:&quot;px&quot;,&quot;size&quot;:&quot;&quot;,&quot;sizes&quot;:[]},&quot;classic_row_gap_mobile_extra&quot;:{&quot;unit&quot;:&quot;px&quot;,&quot;size&quot;:&quot;&quot;,&quot;sizes&quot;:[]},&quot;classic_row_gap_mobile&quot;:{&quot;unit&quot;:&quot;px&quot;,&quot;size&quot;:&quot;&quot;,&quot;sizes&quot;:[]}}\" data-widget_type=\"posts.classic\">\n\t\t\t\t<div class=\"elementor-widget-container\">\n\t\t\t\t\t\t\t<div class=\"elementor-posts-container elementor-posts elementor-posts--skin-classic elementor-grid\" role=\"list\">\n\t\t\t\t<article class=\"elementor-post elementor-grid-item post-2106 post type-post status-publish format-standard has-post-thumbnail hentry category-historia-antigua category-noticias-arqueologia\" role=\"listitem\">\n\t\t\t\t<a class=\"elementor-post__thumbnail__link\" href=\"https:\/\/www.historiayarqueologia.net\/?p=2106\" tabindex=\"-1\">\n\t\t\t<div class=\"elementor-post__thumbnail\"><img decoding=\"async\" width=\"300\" height=\"121\" src=\"https:\/\/www.historiayarqueologia.net\/wp-content\/uploads\/chavin-cabecera-300x121.jpg\" class=\"attachment-medium size-medium wp-image-2113\" alt=\"\" srcset=\"https:\/\/www.historiayarqueologia.net\/wp-content\/uploads\/chavin-cabecera-300x121.jpg 300w, https:\/\/www.historiayarqueologia.net\/wp-content\/uploads\/chavin-cabecera-768x311.jpg 768w, https:\/\/www.historiayarqueologia.net\/wp-content\/uploads\/chavin-cabecera.jpg 815w\" sizes=\"(max-width: 300px) 100vw, 300px\" \/><\/div>\n\t\t<\/a>\n\t\t\t\t<div class=\"elementor-post__text\">\n\t\t\t\t<h3 class=\"elementor-post__title\">\n\t\t\t<a href=\"https:\/\/www.historiayarqueologia.net\/?p=2106\">\n\t\t\t\tChav\u00edn de Hu\u00e1ntar, nuevos hallazgos gracias a robots\t\t\t<\/a>\n\t\t<\/h3>\n\t\t\t\t<div class=\"elementor-post__excerpt\">\n\t\t\t<p>Con el uso de peque\u00f1os robots dotados de microc\u00e1maras, se realiz\u00f3 uno de los hallazgos m\u00e1s importantes de los \u00faltimos 50 a\u00f1os en el Monumento<\/p>\n\t\t<\/div>\n\t\t\n\t\t<a class=\"elementor-post__read-more\" href=\"https:\/\/www.historiayarqueologia.net\/?p=2106\" aria-label=\"M\u00e1s informaci\u00f3n sobre Chav\u00edn de Hu\u00e1ntar, nuevos hallazgos gracias a robots\" tabindex=\"-1\">\n\t\t\tLeer M\u00e1s &gt;&gt;\t\t<\/a>\n\n\t\t\t\t<\/div>\n\t\t\t\t<\/article>\n\t\t\t\t<article class=\"elementor-post elementor-grid-item post-2094 post type-post status-publish format-standard has-post-thumbnail hentry category-noticias-arqueologia\" role=\"listitem\">\n\t\t\t\t<a class=\"elementor-post__thumbnail__link\" href=\"https:\/\/www.historiayarqueologia.net\/?p=2094\" tabindex=\"-1\">\n\t\t\t<div class=\"elementor-post__thumbnail\"><img decoding=\"async\" width=\"300\" height=\"121\" src=\"https:\/\/www.historiayarqueologia.net\/wp-content\/uploads\/unicode-cabecera-300x121.jpg\" class=\"attachment-medium size-medium wp-image-2103\" alt=\"\" srcset=\"https:\/\/www.historiayarqueologia.net\/wp-content\/uploads\/unicode-cabecera-300x121.jpg 300w, https:\/\/www.historiayarqueologia.net\/wp-content\/uploads\/unicode-cabecera-768x311.jpg 768w, https:\/\/www.historiayarqueologia.net\/wp-content\/uploads\/unicode-cabecera.jpg 815w\" sizes=\"(max-width: 300px) 100vw, 300px\" \/><\/div>\n\t\t<\/a>\n\t\t\t\t<div class=\"elementor-post__text\">\n\t\t\t\t<h3 class=\"elementor-post__title\">\n\t\t\t<a href=\"https:\/\/www.historiayarqueologia.net\/?p=2094\">\n\t\t\t\tUnicode incorporar\u00e1 los jerogl\u00edficos egipcios\t\t\t<\/a>\n\t\t<\/h3>\n\t\t\t\t<div class=\"elementor-post__excerpt\">\n\t\t\t<p>Milenios despu\u00e9s de ser usada por \u00faltima vez, la escritura de los antiguos egipcios acaricia el sue\u00f1o de la inmortalidad y la viralidad del mundo<\/p>\n\t\t<\/div>\n\t\t\n\t\t<a class=\"elementor-post__read-more\" href=\"https:\/\/www.historiayarqueologia.net\/?p=2094\" aria-label=\"M\u00e1s informaci\u00f3n sobre Unicode incorporar\u00e1 los jerogl\u00edficos egipcios\" tabindex=\"-1\">\n\t\t\tLeer M\u00e1s &gt;&gt;\t\t<\/a>\n\n\t\t\t\t<\/div>\n\t\t\t\t<\/article>\n\t\t\t\t<article class=\"elementor-post elementor-grid-item post-1791 post type-post status-publish format-standard has-post-thumbnail hentry category-noticias-arqueologia category-edad-media\" role=\"listitem\">\n\t\t\t\t<a class=\"elementor-post__thumbnail__link\" href=\"https:\/\/www.historiayarqueologia.net\/?p=1791\" tabindex=\"-1\">\n\t\t\t<div class=\"elementor-post__thumbnail\"><img decoding=\"async\" width=\"300\" height=\"121\" src=\"https:\/\/www.historiayarqueologia.net\/wp-content\/uploads\/Voynich-descifrado-300x121.jpg\" class=\"attachment-medium size-medium wp-image-1793\" alt=\"\" srcset=\"https:\/\/www.historiayarqueologia.net\/wp-content\/uploads\/Voynich-descifrado-300x121.jpg 300w, https:\/\/www.historiayarqueologia.net\/wp-content\/uploads\/Voynich-descifrado-768x311.jpg 768w, https:\/\/www.historiayarqueologia.net\/wp-content\/uploads\/Voynich-descifrado.jpg 815w\" sizes=\"(max-width: 300px) 100vw, 300px\" \/><\/div>\n\t\t<\/a>\n\t\t\t\t<div class=\"elementor-post__text\">\n\t\t\t\t<h3 class=\"elementor-post__title\">\n\t\t\t<a href=\"https:\/\/www.historiayarqueologia.net\/?p=1791\">\n\t\t\t\t\u00bfDescifrado el manuscrito Voynich?\t\t\t<\/a>\n\t\t<\/h3>\n\t\t\t\t<div class=\"elementor-post__excerpt\">\n\t\t\t<p>\u00bfSe ha resuelto el misterio del manuscrito Voynich de 600 a\u00f1os de antig\u00fcedad? Un experto afirma que es un manual de salud escrito para una<\/p>\n\t\t<\/div>\n\t\t\n\t\t<a class=\"elementor-post__read-more\" href=\"https:\/\/www.historiayarqueologia.net\/?p=1791\" aria-label=\"M\u00e1s informaci\u00f3n sobre \u00bfDescifrado el manuscrito Voynich?\" tabindex=\"-1\">\n\t\t\tLeer M\u00e1s &gt;&gt;\t\t<\/a>\n\n\t\t\t\t<\/div>\n\t\t\t\t<\/article>\n\t\t\t\t<article class=\"elementor-post elementor-grid-item post-1780 post type-post status-publish format-standard has-post-thumbnail hentry category-noticias-arqueologia\" role=\"listitem\">\n\t\t\t\t<a class=\"elementor-post__thumbnail__link\" href=\"https:\/\/www.historiayarqueologia.net\/?p=1780\" tabindex=\"-1\">\n\t\t\t<div class=\"elementor-post__thumbnail\"><img loading=\"lazy\" decoding=\"async\" width=\"300\" height=\"121\" src=\"https:\/\/www.historiayarqueologia.net\/wp-content\/uploads\/hawass-300x121.jpg\" class=\"attachment-medium size-medium wp-image-1781\" alt=\"\" srcset=\"https:\/\/www.historiayarqueologia.net\/wp-content\/uploads\/hawass-300x121.jpg 300w, https:\/\/www.historiayarqueologia.net\/wp-content\/uploads\/hawass-768x311.jpg 768w, https:\/\/www.historiayarqueologia.net\/wp-content\/uploads\/hawass.jpg 815w\" sizes=\"(max-width: 300px) 100vw, 300px\" \/><\/div>\n\t\t<\/a>\n\t\t\t\t<div class=\"elementor-post__text\">\n\t\t\t\t<h3 class=\"elementor-post__title\">\n\t\t\t<a href=\"https:\/\/www.historiayarqueologia.net\/?p=1780\">\n\t\t\t\t\u00bfHallada la tumba de Ankhesenamun, esposa de Tutankhamon?\t\t\t<\/a>\n\t\t<\/h3>\n\t\t\t\t<div class=\"elementor-post__excerpt\">\n\t\t\t<p>El famoso arque\u00f3logo Zahi Hawass y su equipo dicen que encontraron evidencias de una tumba que podr\u00eda pertenecer a la esposa del rey Tut, Ankhesenamun.<\/p>\n\t\t<\/div>\n\t\t\n\t\t<a class=\"elementor-post__read-more\" href=\"https:\/\/www.historiayarqueologia.net\/?p=1780\" aria-label=\"M\u00e1s informaci\u00f3n sobre \u00bfHallada la tumba de Ankhesenamun, esposa de Tutankhamon?\" tabindex=\"-1\">\n\t\t\tLeer M\u00e1s &gt;&gt;\t\t<\/a>\n\n\t\t\t\t<\/div>\n\t\t\t\t<\/article>\n\t\t\t\t<article class=\"elementor-post elementor-grid-item post-1773 post type-post status-publish format-standard has-post-thumbnail hentry category-noticias-arqueologia\" role=\"listitem\">\n\t\t\t\t<a class=\"elementor-post__thumbnail__link\" href=\"https:\/\/www.historiayarqueologia.net\/?p=1773\" tabindex=\"-1\">\n\t\t\t<div class=\"elementor-post__thumbnail\"><img loading=\"lazy\" decoding=\"async\" width=\"300\" height=\"121\" src=\"https:\/\/www.historiayarqueologia.net\/wp-content\/uploads\/Tahib-arte-marcial_01-300x121.jpg\" class=\"attachment-medium size-medium wp-image-1774\" alt=\"\" srcset=\"https:\/\/www.historiayarqueologia.net\/wp-content\/uploads\/Tahib-arte-marcial_01-300x121.jpg 300w, https:\/\/www.historiayarqueologia.net\/wp-content\/uploads\/Tahib-arte-marcial_01-768x311.jpg 768w, https:\/\/www.historiayarqueologia.net\/wp-content\/uploads\/Tahib-arte-marcial_01.jpg 815w\" sizes=\"(max-width: 300px) 100vw, 300px\" \/><\/div>\n\t\t<\/a>\n\t\t\t\t<div class=\"elementor-post__text\">\n\t\t\t\t<h3 class=\"elementor-post__title\">\n\t\t\t<a href=\"https:\/\/www.historiayarqueologia.net\/?p=1773\">\n\t\t\t\tTahtib: Renace el arte marcial de los faraones\t\t\t<\/a>\n\t\t<\/h3>\n\t\t\t\t<div class=\"elementor-post__excerpt\">\n\t\t\t<p>El Tahtib parece ser el arte marcial el m\u00e1s antiguo conocido y que todav\u00eda se practica hoy en d\u00eda. \u00abLa historia del Tahtib es muy<\/p>\n\t\t<\/div>\n\t\t\n\t\t<a class=\"elementor-post__read-more\" href=\"https:\/\/www.historiayarqueologia.net\/?p=1773\" aria-label=\"M\u00e1s informaci\u00f3n sobre Tahtib: Renace el arte marcial de los faraones\" tabindex=\"-1\">\n\t\t\tLeer M\u00e1s &gt;&gt;\t\t<\/a>\n\n\t\t\t\t<\/div>\n\t\t\t\t<\/article>\n\t\t\t\t<article class=\"elementor-post elementor-grid-item post-1687 post type-post status-publish format-standard has-post-thumbnail hentry category-noticias-arqueologia\" role=\"listitem\">\n\t\t\t\t<a class=\"elementor-post__thumbnail__link\" href=\"https:\/\/www.historiayarqueologia.net\/?p=1687\" tabindex=\"-1\">\n\t\t\t<div class=\"elementor-post__thumbnail\"><img loading=\"lazy\" decoding=\"async\" width=\"300\" height=\"157\" src=\"https:\/\/www.historiayarqueologia.net\/wp-content\/uploads\/culto-craneo-globeky-tepe-fb-300x157.jpg\" class=\"attachment-medium size-medium wp-image-1688\" alt=\"\" srcset=\"https:\/\/www.historiayarqueologia.net\/wp-content\/uploads\/culto-craneo-globeky-tepe-fb-300x157.jpg 300w, https:\/\/www.historiayarqueologia.net\/wp-content\/uploads\/culto-craneo-globeky-tepe-fb.jpg 528w\" sizes=\"(max-width: 300px) 100vw, 300px\" \/><\/div>\n\t\t<\/a>\n\t\t\t\t<div class=\"elementor-post__text\">\n\t\t\t\t<h3 class=\"elementor-post__title\">\n\t\t\t<a href=\"https:\/\/www.historiayarqueologia.net\/?p=1687\">\n\t\t\t\tG\u00f6bekli Tepe: culto al cr\u00e1neo en el templo m\u00e1s antiguo del mundo\t\t\t<\/a>\n\t\t<\/h3>\n\t\t\t\t<div class=\"elementor-post__excerpt\">\n\t\t\t<p>G\u00f6bekli Tepe. En el templo m\u00e1s antiguo del mundo se rend\u00eda culto al cr\u00e1neo. Enterrados entre las ruinas G\u00f6bekli Tepe, un santuario de m\u00e1s de<\/p>\n\t\t<\/div>\n\t\t\n\t\t<a class=\"elementor-post__read-more\" href=\"https:\/\/www.historiayarqueologia.net\/?p=1687\" aria-label=\"M\u00e1s informaci\u00f3n sobre G\u00f6bekli Tepe: culto al cr\u00e1neo en el templo m\u00e1s antiguo del mundo\" tabindex=\"-1\">\n\t\t\tLeer M\u00e1s &gt;&gt;\t\t<\/a>\n\n\t\t\t\t<\/div>\n\t\t\t\t<\/article>\n\t\t\t\t<article class=\"elementor-post elementor-grid-item post-1662 post type-post status-publish format-standard has-post-thumbnail hentry category-noticias-arqueologia\" role=\"listitem\">\n\t\t\t\t<a class=\"elementor-post__thumbnail__link\" href=\"https:\/\/www.historiayarqueologia.net\/?p=1662\" tabindex=\"-1\">\n\t\t\t<div class=\"elementor-post__thumbnail\"><img loading=\"lazy\" decoding=\"async\" width=\"300\" height=\"156\" src=\"https:\/\/www.historiayarqueologia.net\/wp-content\/uploads\/facebokk-1-300x156.jpg\" class=\"attachment-medium size-medium wp-image-1669\" alt=\"\" srcset=\"https:\/\/www.historiayarqueologia.net\/wp-content\/uploads\/facebokk-1-300x156.jpg 300w, https:\/\/www.historiayarqueologia.net\/wp-content\/uploads\/facebokk-1.jpg 524w\" sizes=\"(max-width: 300px) 100vw, 300px\" \/><\/div>\n\t\t<\/a>\n\t\t\t\t<div class=\"elementor-post__text\">\n\t\t\t\t<h3 class=\"elementor-post__title\">\n\t\t\t<a href=\"https:\/\/www.historiayarqueologia.net\/?p=1662\">\n\t\t\t\tHallada una colecci\u00f3n arqueol\u00f3gica en la basura\t\t\t<\/a>\n\t\t<\/h3>\n\t\t\t\t<div class=\"elementor-post__excerpt\">\n\t\t\t<p>La colecci\u00f3n arqueol\u00f3gica hallada en la basura suma 600 piezas de \u00abevidente inter\u00e9s\u00bb hist\u00f3rico. Los expertos recopilan 594 vestigios recabados en la zona de A<\/p>\n\t\t<\/div>\n\t\t\n\t\t<a class=\"elementor-post__read-more\" href=\"https:\/\/www.historiayarqueologia.net\/?p=1662\" aria-label=\"M\u00e1s informaci\u00f3n sobre Hallada una colecci\u00f3n arqueol\u00f3gica en la basura\" tabindex=\"-1\">\n\t\t\tLeer M\u00e1s &gt;&gt;\t\t<\/a>\n\n\t\t\t\t<\/div>\n\t\t\t\t<\/article>\n\t\t\t\t<article class=\"elementor-post elementor-grid-item post-1655 post type-post status-publish format-standard has-post-thumbnail hentry category-noticias-arqueologia\" role=\"listitem\">\n\t\t\t\t<a class=\"elementor-post__thumbnail__link\" href=\"https:\/\/www.historiayarqueologia.net\/?p=1655\" tabindex=\"-1\">\n\t\t\t<div class=\"elementor-post__thumbnail\"><img loading=\"lazy\" decoding=\"async\" width=\"300\" height=\"121\" src=\"https:\/\/www.historiayarqueologia.net\/wp-content\/uploads\/cinturon-carolingio-cantabria1-300x121.jpg\" class=\"attachment-medium size-medium wp-image-1656\" alt=\"\" srcset=\"https:\/\/www.historiayarqueologia.net\/wp-content\/uploads\/cinturon-carolingio-cantabria1-300x121.jpg 300w, https:\/\/www.historiayarqueologia.net\/wp-content\/uploads\/cinturon-carolingio-cantabria1-768x311.jpg 768w, https:\/\/www.historiayarqueologia.net\/wp-content\/uploads\/cinturon-carolingio-cantabria1.jpg 815w\" sizes=\"(max-width: 300px) 100vw, 300px\" \/><\/div>\n\t\t<\/a>\n\t\t\t\t<div class=\"elementor-post__text\">\n\t\t\t\t<h3 class=\"elementor-post__title\">\n\t\t\t<a href=\"https:\/\/www.historiayarqueologia.net\/?p=1655\">\n\t\t\t\tHallado un cintur\u00f3n carolingio en Cantabr\u00eda (Aspio)\t\t\t<\/a>\n\t\t<\/h3>\n\t\t\t\t<div class=\"elementor-post__excerpt\">\n\t\t\t<p>Aspio. Hallado un excepcional adorno de cintur\u00f3n de la Alta Edad Media en la cueva c\u00e1ntabra del Aspio. El \u00faltimo n\u00famero de la revista cient\u00edfica<\/p>\n\t\t<\/div>\n\t\t\n\t\t<a class=\"elementor-post__read-more\" href=\"https:\/\/www.historiayarqueologia.net\/?p=1655\" aria-label=\"M\u00e1s informaci\u00f3n sobre Hallado un cintur\u00f3n carolingio en Cantabr\u00eda (Aspio)\" tabindex=\"-1\">\n\t\t\tLeer M\u00e1s &gt;&gt;\t\t<\/a>\n\n\t\t\t\t<\/div>\n\t\t\t\t<\/article>\n\t\t\t\t<article class=\"elementor-post elementor-grid-item post-1645 post type-post status-publish format-standard has-post-thumbnail hentry category-noticias-arqueologia\" role=\"listitem\">\n\t\t\t\t<a class=\"elementor-post__thumbnail__link\" href=\"https:\/\/www.historiayarqueologia.net\/?p=1645\" tabindex=\"-1\">\n\t\t\t<div class=\"elementor-post__thumbnail\"><img loading=\"lazy\" decoding=\"async\" width=\"300\" height=\"121\" src=\"https:\/\/www.historiayarqueologia.net\/wp-content\/uploads\/torksey-viking-camp1-300x121.jpg\" class=\"attachment-medium size-medium wp-image-1646\" alt=\"\" srcset=\"https:\/\/www.historiayarqueologia.net\/wp-content\/uploads\/torksey-viking-camp1-300x121.jpg 300w, https:\/\/www.historiayarqueologia.net\/wp-content\/uploads\/torksey-viking-camp1-768x311.jpg 768w, https:\/\/www.historiayarqueologia.net\/wp-content\/uploads\/torksey-viking-camp1.jpg 815w\" sizes=\"(max-width: 300px) 100vw, 300px\" \/><\/div>\n\t\t<\/a>\n\t\t\t\t<div class=\"elementor-post__text\">\n\t\t\t\t<h3 class=\"elementor-post__title\">\n\t\t\t<a href=\"https:\/\/www.historiayarqueologia.net\/?p=1645\">\n\t\t\t\tDescubierto campamento vikingo en Torksey\t\t\t<\/a>\n\t\t<\/h3>\n\t\t\t\t<div class=\"elementor-post__excerpt\">\n\t\t\t<p>Torksey. Un equipo de arque\u00f3logos de las universidades de Sheffield y York ha descubierto un gran campamento que alberg\u00f3 a miles de vikingos que se<\/p>\n\t\t<\/div>\n\t\t\n\t\t<a class=\"elementor-post__read-more\" href=\"https:\/\/www.historiayarqueologia.net\/?p=1645\" aria-label=\"M\u00e1s informaci\u00f3n sobre Descubierto campamento vikingo en Torksey\" tabindex=\"-1\">\n\t\t\tLeer M\u00e1s &gt;&gt;\t\t<\/a>\n\n\t\t\t\t<\/div>\n\t\t\t\t<\/article>\n\t\t\t\t<\/div>\n\t\t\n\t\t\t\t<div class=\"e-load-more-anchor\" data-page=\"1\" data-max-page=\"9\" data-next-page=\"https:\/\/www.historiayarqueologia.net\/index.php?rest_route=%2Fwp%2Fv2%2Fpages%2F2335&#038;paged=2\"><\/div>\n\t\t\t\t<nav class=\"elementor-pagination\" aria-label=\"Paginaci\u00f3n\">\n\t\t\t<span class=\"page-numbers prev\">&laquo; Atr\u00e1s<\/span>\n<a class=\"page-numbers next\" href=\"https:\/\/www.historiayarqueologia.net\/index.php?rest_route=%2Fwp%2Fv2%2Fpages%2F2335&#038;paged=2\">Adelante &raquo;<\/a>\t\t<\/nav>\n\t\t\t\t\t\t<\/div>\n\t\t\t\t<\/div>\n\t\t\t\t\t<\/div>\n\t\t<\/div>\n\t\t\t\t\t<\/div>\n\t\t<\/section>\n\t\t\t\t<\/div>\n\t\t","protected":false},"excerpt":{"rendered":"","protected":false},"author":1,"featured_media":0,"parent":0,"menu_order":0,"comment_status":"closed","ping_status":"closed","template":"elementor_header_footer","meta":{"footnotes":""},"class_list":["post-2335","page","type-page","status-publish","hentry"],"jetpack_sharing_enabled":true,"_links":{"self":[{"href":"https:\/\/www.historiayarqueologia.net\/index.php?rest_route=\/wp\/v2\/pages\/2335","targetHints":{"allow":["GET"]}}],"collection":[{"href":"https:\/\/www.historiayarqueologia.net\/index.php?rest_route=\/wp\/v2\/pages"}],"about":[{"href":"https:\/\/www.historiayarqueologia.net\/index.php?rest_route=\/wp\/v2\/types\/page"}],"author":[{"embeddable":true,"href":"https:\/\/www.historiayarqueologia.net\/index.php?rest_route=\/wp\/v2\/users\/1"}],"replies":[{"embeddable":true,"href":"https:\/\/www.historiayarqueologia.net\/index.php?rest_route=%2Fwp%2Fv2%2Fcomments&post=2335"}],"version-history":[{"count":2,"href":"https:\/\/www.historiayarqueologia.net\/index.php?rest_route=\/wp\/v2\/pages\/2335\/revisions"}],"predecessor-version":[{"id":2338,"href":"https:\/\/www.historiayarqueologia.net\/index.php?rest_route=\/wp\/v2\/pages\/2335\/revisions\/2338"}],"wp:attachment":[{"href":"https:\/\/www.historiayarqueologia.net\/index.php?rest_route=%2Fwp%2Fv2%2Fmedia&parent=2335"}],"curies":[{"name":"wp","href":"https:\/\/api.w.org\/{rel}","templated":true}]}}