{"id":2327,"date":"2020-04-22T03:23:14","date_gmt":"2020-04-22T01:23:14","guid":{"rendered":"https:\/\/www.historiayarqueologia.net\/?page_id=2327"},"modified":"2020-04-22T03:23:51","modified_gmt":"2020-04-22T01:23:51","slug":"curiosidades","status":"publish","type":"page","link":"https:\/\/www.historiayarqueologia.net\/?page_id=2327","title":{"rendered":"Curiosidades"},"content":{"rendered":"\t\t<div data-elementor-type=\"wp-page\" data-elementor-id=\"2327\" class=\"elementor elementor-2327\" data-elementor-post-type=\"page\">\n\t\t\t\t\t\t<section class=\"elementor-section elementor-top-section elementor-element elementor-element-0aedc57 elementor-section-boxed elementor-section-height-default elementor-section-height-default\" data-id=\"0aedc57\" data-element_type=\"section\" data-e-type=\"section\">\n\t\t\t\t\t\t<div class=\"elementor-container elementor-column-gap-default\">\n\t\t\t\t\t<div class=\"elementor-column elementor-col-100 elementor-top-column elementor-element elementor-element-43a7f99\" data-id=\"43a7f99\" data-element_type=\"column\" data-e-type=\"column\">\n\t\t\t<div class=\"elementor-widget-wrap elementor-element-populated\">\n\t\t\t\t\t\t<div class=\"elementor-element elementor-element-cfdbfe1 elementor-grid-3 elementor-grid-tablet-2 elementor-grid-mobile-1 elementor-posts--thumbnail-top elementor-widget elementor-widget-posts\" data-id=\"cfdbfe1\" data-element_type=\"widget\" data-e-type=\"widget\" data-settings=\"{&quot;pagination_type&quot;:&quot;prev_next&quot;,&quot;classic_columns&quot;:&quot;3&quot;,&quot;classic_columns_tablet&quot;:&quot;2&quot;,&quot;classic_columns_mobile&quot;:&quot;1&quot;,&quot;classic_row_gap&quot;:{&quot;unit&quot;:&quot;px&quot;,&quot;size&quot;:35,&quot;sizes&quot;:[]},&quot;classic_row_gap_widescreen&quot;:{&quot;unit&quot;:&quot;px&quot;,&quot;size&quot;:&quot;&quot;,&quot;sizes&quot;:[]},&quot;classic_row_gap_laptop&quot;:{&quot;unit&quot;:&quot;px&quot;,&quot;size&quot;:&quot;&quot;,&quot;sizes&quot;:[]},&quot;classic_row_gap_tablet_extra&quot;:{&quot;unit&quot;:&quot;px&quot;,&quot;size&quot;:&quot;&quot;,&quot;sizes&quot;:[]},&quot;classic_row_gap_tablet&quot;:{&quot;unit&quot;:&quot;px&quot;,&quot;size&quot;:&quot;&quot;,&quot;sizes&quot;:[]},&quot;classic_row_gap_mobile_extra&quot;:{&quot;unit&quot;:&quot;px&quot;,&quot;size&quot;:&quot;&quot;,&quot;sizes&quot;:[]},&quot;classic_row_gap_mobile&quot;:{&quot;unit&quot;:&quot;px&quot;,&quot;size&quot;:&quot;&quot;,&quot;sizes&quot;:[]}}\" data-widget_type=\"posts.classic\">\n\t\t\t\t<div class=\"elementor-widget-container\">\n\t\t\t\t\t\t\t<div class=\"elementor-posts-container elementor-posts elementor-posts--skin-classic elementor-grid\" role=\"list\">\n\t\t\t\t<article class=\"elementor-post elementor-grid-item post-1693 post type-post status-publish format-standard has-post-thumbnail hentry category-curiosidades-historicas\" role=\"listitem\">\n\t\t\t\t<a class=\"elementor-post__thumbnail__link\" href=\"https:\/\/www.historiayarqueologia.net\/?p=1693\" tabindex=\"-1\">\n\t\t\t<div class=\"elementor-post__thumbnail\"><img decoding=\"async\" width=\"300\" height=\"118\" src=\"https:\/\/www.historiayarqueologia.net\/wp-content\/uploads\/desta-300x118.jpg\" class=\"attachment-medium size-medium wp-image-1701\" alt=\"\" srcset=\"https:\/\/www.historiayarqueologia.net\/wp-content\/uploads\/desta-300x118.jpg 300w, https:\/\/www.historiayarqueologia.net\/wp-content\/uploads\/desta-768x302.jpg 768w, https:\/\/www.historiayarqueologia.net\/wp-content\/uploads\/desta.jpg 800w\" sizes=\"(max-width: 300px) 100vw, 300px\" \/><\/div>\n\t\t<\/a>\n\t\t\t\t<div class=\"elementor-post__text\">\n\t\t\t\t<h3 class=\"elementor-post__title\">\n\t\t\t<a href=\"https:\/\/www.historiayarqueologia.net\/?p=1693\">\n\t\t\t\t\u00bfCu\u00e1nto sabes sobre Egipto? &#8211; Trivial Egipto\t\t\t<\/a>\n\t\t<\/h3>\n\t\t\t\t<div class=\"elementor-post__excerpt\">\n\t\t\t<p>Descubre con 10 preguntas cu\u00e1nto sabes sobre la fascinante civilizaci\u00f3n del Antiguo Egipto. \u00bfA qu\u00e9 no las aciertas todas?<\/p>\n\t\t<\/div>\n\t\t\n\t\t<a class=\"elementor-post__read-more\" href=\"https:\/\/www.historiayarqueologia.net\/?p=1693\" aria-label=\"M\u00e1s informaci\u00f3n sobre \u00bfCu\u00e1nto sabes sobre Egipto? &#8211; Trivial Egipto\" tabindex=\"-1\">\n\t\t\tLeer M\u00e1s &gt;&gt;\t\t<\/a>\n\n\t\t\t\t<\/div>\n\t\t\t\t<\/article>\n\t\t\t\t<article class=\"elementor-post elementor-grid-item post-1672 post type-post status-publish format-standard has-post-thumbnail hentry category-curiosidades-historicas\" role=\"listitem\">\n\t\t\t\t<a class=\"elementor-post__thumbnail__link\" href=\"https:\/\/www.historiayarqueologia.net\/?p=1672\" tabindex=\"-1\">\n\t\t\t<div class=\"elementor-post__thumbnail\"><img decoding=\"async\" width=\"300\" height=\"156\" src=\"https:\/\/www.historiayarqueologia.net\/wp-content\/uploads\/trono-jaguar-rojo_01-300x156.jpg\" class=\"attachment-medium size-medium wp-image-1673\" alt=\"\" srcset=\"https:\/\/www.historiayarqueologia.net\/wp-content\/uploads\/trono-jaguar-rojo_01-300x156.jpg 300w, https:\/\/www.historiayarqueologia.net\/wp-content\/uploads\/trono-jaguar-rojo_01.jpg 524w\" sizes=\"(max-width: 300px) 100vw, 300px\" \/><\/div>\n\t\t<\/a>\n\t\t\t\t<div class=\"elementor-post__text\">\n\t\t\t\t<h3 class=\"elementor-post__title\">\n\t\t\t<a href=\"https:\/\/www.historiayarqueologia.net\/?p=1672\">\n\t\t\t\tEl estadounidense que quiso robar el trono-jaguar rojo\t\t\t<\/a>\n\t\t<\/h3>\n\t\t\t\t<div class=\"elementor-post__excerpt\">\n\t\t\t<p>En las entra\u00f1as de El Castillo de Chich\u00e9n Itz\u00e1, Yucat\u00e1n, descansa el Trono-jaguar rojo. Esta importante pieza de la cultura maya fue esculpida en piedra<\/p>\n\t\t<\/div>\n\t\t\n\t\t<a class=\"elementor-post__read-more\" href=\"https:\/\/www.historiayarqueologia.net\/?p=1672\" aria-label=\"M\u00e1s informaci\u00f3n sobre El estadounidense que quiso robar el trono-jaguar rojo\" tabindex=\"-1\">\n\t\t\tLeer M\u00e1s &gt;&gt;\t\t<\/a>\n\n\t\t\t\t<\/div>\n\t\t\t\t<\/article>\n\t\t\t\t<article class=\"elementor-post elementor-grid-item post-1022 post type-post status-publish format-standard has-post-thumbnail hentry category-curiosidades-historicas\" role=\"listitem\">\n\t\t\t\t<a class=\"elementor-post__thumbnail__link\" href=\"https:\/\/www.historiayarqueologia.net\/?p=1022\" tabindex=\"-1\">\n\t\t\t<div class=\"elementor-post__thumbnail\"><img decoding=\"async\" width=\"300\" height=\"121\" src=\"https:\/\/www.historiayarqueologia.net\/wp-content\/uploads\/avion-rambla-barcelonad-300x121.jpg\" class=\"attachment-medium size-medium wp-image-1029\" alt=\"\" srcset=\"https:\/\/www.historiayarqueologia.net\/wp-content\/uploads\/avion-rambla-barcelonad-300x121.jpg 300w, https:\/\/www.historiayarqueologia.net\/wp-content\/uploads\/avion-rambla-barcelonad-768x311.jpg 768w, https:\/\/www.historiayarqueologia.net\/wp-content\/uploads\/avion-rambla-barcelonad.jpg 815w\" sizes=\"(max-width: 300px) 100vw, 300px\" \/><\/div>\n\t\t<\/a>\n\t\t\t\t<div class=\"elementor-post__text\">\n\t\t\t\t<h3 class=\"elementor-post__title\">\n\t\t\t<a href=\"https:\/\/www.historiayarqueologia.net\/?p=1022\">\n\t\t\t\tEl avi\u00f3n que se estrell\u00f3 en las Ramblas de Barcelona\t\t\t<\/a>\n\t\t<\/h3>\n\t\t\t\t<div class=\"elementor-post__excerpt\">\n\t\t\t<p>4 noticias de \u00e9poca sobre \u00abEl avi\u00f3n que se estrell\u00f3 en las Ramblas de Barcelona\u00bb. El 29 de septiembre de 1934 sobre las 4 de<\/p>\n\t\t<\/div>\n\t\t\n\t\t<a class=\"elementor-post__read-more\" href=\"https:\/\/www.historiayarqueologia.net\/?p=1022\" aria-label=\"M\u00e1s informaci\u00f3n sobre El avi\u00f3n que se estrell\u00f3 en las Ramblas de Barcelona\" tabindex=\"-1\">\n\t\t\tLeer M\u00e1s &gt;&gt;\t\t<\/a>\n\n\t\t\t\t<\/div>\n\t\t\t\t<\/article>\n\t\t\t\t<article class=\"elementor-post elementor-grid-item post-1003 post type-post status-publish format-standard has-post-thumbnail hentry category-curiosidades-historicas\" role=\"listitem\">\n\t\t\t\t<a class=\"elementor-post__thumbnail__link\" href=\"https:\/\/www.historiayarqueologia.net\/?p=1003\" tabindex=\"-1\">\n\t\t\t<div class=\"elementor-post__thumbnail\"><img loading=\"lazy\" decoding=\"async\" width=\"300\" height=\"121\" src=\"https:\/\/www.historiayarqueologia.net\/wp-content\/uploads\/muertes-absurdas-historia-300x121.jpg\" class=\"attachment-medium size-medium wp-image-1019\" alt=\"\" srcset=\"https:\/\/www.historiayarqueologia.net\/wp-content\/uploads\/muertes-absurdas-historia-300x121.jpg 300w, https:\/\/www.historiayarqueologia.net\/wp-content\/uploads\/muertes-absurdas-historia-768x311.jpg 768w, https:\/\/www.historiayarqueologia.net\/wp-content\/uploads\/muertes-absurdas-historia.jpg 815w\" sizes=\"(max-width: 300px) 100vw, 300px\" \/><\/div>\n\t\t<\/a>\n\t\t\t\t<div class=\"elementor-post__text\">\n\t\t\t\t<h3 class=\"elementor-post__title\">\n\t\t\t<a href=\"https:\/\/www.historiayarqueologia.net\/?p=1003\">\n\t\t\t\t10 de las muertes m\u00e1s absurdas de la historia\t\t\t<\/a>\n\t\t<\/h3>\n\t\t\t\t<div class=\"elementor-post__excerpt\">\n\t\t\t<p>1- Fran\u00e7ois Vatel (1631\u20131671) Cocinero y maitre franc\u00e9s de origen suizo, famoso por haber inventado la crema chantill\u00ed en el castillo del mismo nombre (Chantilly),<\/p>\n\t\t<\/div>\n\t\t\n\t\t<a class=\"elementor-post__read-more\" href=\"https:\/\/www.historiayarqueologia.net\/?p=1003\" aria-label=\"M\u00e1s informaci\u00f3n sobre 10 de las muertes m\u00e1s absurdas de la historia\" tabindex=\"-1\">\n\t\t\tLeer M\u00e1s &gt;&gt;\t\t<\/a>\n\n\t\t\t\t<\/div>\n\t\t\t\t<\/article>\n\t\t\t\t<article class=\"elementor-post elementor-grid-item post-686 post type-post status-publish format-standard has-post-thumbnail hentry category-curiosidades-historicas tag-arqueologia tag-egipto tag-egiptologia\" role=\"listitem\">\n\t\t\t\t<a class=\"elementor-post__thumbnail__link\" href=\"https:\/\/www.historiayarqueologia.net\/?p=686\" tabindex=\"-1\">\n\t\t\t<div class=\"elementor-post__thumbnail\"><img loading=\"lazy\" decoding=\"async\" width=\"300\" height=\"121\" src=\"https:\/\/www.historiayarqueologia.net\/wp-content\/uploads\/fotos-egipto-antiguo-300x121.jpg\" class=\"attachment-medium size-medium wp-image-708\" alt=\"\" srcset=\"https:\/\/www.historiayarqueologia.net\/wp-content\/uploads\/fotos-egipto-antiguo-300x121.jpg 300w, https:\/\/www.historiayarqueologia.net\/wp-content\/uploads\/fotos-egipto-antiguo-768x311.jpg 768w, https:\/\/www.historiayarqueologia.net\/wp-content\/uploads\/fotos-egipto-antiguo.jpg 815w\" sizes=\"(max-width: 300px) 100vw, 300px\" \/><\/div>\n\t\t<\/a>\n\t\t\t\t<div class=\"elementor-post__text\">\n\t\t\t\t<h3 class=\"elementor-post__title\">\n\t\t\t<a href=\"https:\/\/www.historiayarqueologia.net\/?p=686\">\n\t\t\t\t14 fotos de Egipto que no has visto nunca&#8230;\t\t\t<\/a>\n\t\t<\/h3>\n\t\t\t\t<div class=\"elementor-post__excerpt\">\n\t\t\t<p>Aqu\u00ed tienes 14 fotos de Egipto que no has visto nunca. \u00bfOs imagin\u00e1is poder ver Egipto tal y como estaba cuando llegaron los primeros exploradores?<\/p>\n\t\t<\/div>\n\t\t\n\t\t<a class=\"elementor-post__read-more\" href=\"https:\/\/www.historiayarqueologia.net\/?p=686\" aria-label=\"M\u00e1s informaci\u00f3n sobre 14 fotos de Egipto que no has visto nunca&#8230;\" tabindex=\"-1\">\n\t\t\tLeer M\u00e1s &gt;&gt;\t\t<\/a>\n\n\t\t\t\t<\/div>\n\t\t\t\t<\/article>\n\t\t\t\t<\/div>\n\t\t\n\t\t\t\t\t\t<\/div>\n\t\t\t\t<\/div>\n\t\t\t\t\t<\/div>\n\t\t<\/div>\n\t\t\t\t\t<\/div>\n\t\t<\/section>\n\t\t\t\t<\/div>\n\t\t","protected":false},"excerpt":{"rendered":"","protected":false},"author":1,"featured_media":0,"parent":0,"menu_order":0,"comment_status":"closed","ping_status":"closed","template":"elementor_header_footer","meta":{"footnotes":""},"class_list":["post-2327","page","type-page","status-publish","hentry"],"jetpack_sharing_enabled":true,"_links":{"self":[{"href":"https:\/\/www.historiayarqueologia.net\/index.php?rest_route=\/wp\/v2\/pages\/2327","targetHints":{"allow":["GET"]}}],"collection":[{"href":"https:\/\/www.historiayarqueologia.net\/index.php?rest_route=\/wp\/v2\/pages"}],"about":[{"href":"https:\/\/www.historiayarqueologia.net\/index.php?rest_route=\/wp\/v2\/types\/page"}],"author":[{"embeddable":true,"href":"https:\/\/www.historiayarqueologia.net\/index.php?rest_route=\/wp\/v2\/users\/1"}],"replies":[{"embeddable":true,"href":"https:\/\/www.historiayarqueologia.net\/index.php?rest_route=%2Fwp%2Fv2%2Fcomments&post=2327"}],"version-history":[{"count":2,"href":"https:\/\/www.historiayarqueologia.net\/index.php?rest_route=\/wp\/v2\/pages\/2327\/revisions"}],"predecessor-version":[{"id":2330,"href":"https:\/\/www.historiayarqueologia.net\/index.php?rest_route=\/wp\/v2\/pages\/2327\/revisions\/2330"}],"wp:attachment":[{"href":"https:\/\/www.historiayarqueologia.net\/index.php?rest_route=%2Fwp%2Fv2%2Fmedia&parent=2327"}],"curies":[{"name":"wp","href":"https:\/\/api.w.org\/{rel}","templated":true}]}}